{"id":827,"date":"2020-03-24T10:47:43","date_gmt":"2020-03-24T08:47:43","guid":{"rendered":"http:\/\/courspianoilona.fr\/?page_id=827"},"modified":"2025-12-12T18:16:00","modified_gmt":"2025-12-12T16:16:00","slug":"cours-piano-en-ligne","status":"publish","type":"page","link":"https:\/\/pianopianovenezia.com\/index.php\/cours-piano-en-ligne\/","title":{"rendered":"Online"},"content":{"rendered":"<p>Toute la journ\u00e9e vous actionnez vos doigts sur votre ordinateur et smartphone en vous disant que vous aimeriez tant que cela soit aussi sur un clavier de piano ?<br \/>\nPlusieurs fois, vous avez d\u00e9j\u00e0 voulu concr\u00e9tiser ce vieux projet de vous (re)mettre au piano sans pourtant lui donner suite. Et si la proposition des cours de piano \u00e0 distance, avec beaucoup de pr\u00e9sence de ma part vous aiderait \u00e0 r\u00e9aliser ce \u00ab\u00a0r\u00eave enfoui dans le tiroir\u00a0\u00bb ?<\/p>\n<p>Dehors une fine brise, un l\u00e9ger bruit d\u2019eau qui court \u00e0 quelques m\u00e8tres, oui vous voici \u00e0 Venise pour votre le\u00e7on de piano \u00e0 distance \u2026<\/p>\n<p>Le chat roux vous \u00e9coute, vous \u00eates dans le salon de musique de Piano Piano Venezia.<\/p>\n<p><a href=\"http:\/\/pianopianovenezia.com\/index.php\/vos-cours\/en-pratique\/\">Voir ici l&rsquo;offre de cours en ligne (Piano Piano online)<\/a><\/p>\n<p><img loading=\"lazy\" decoding=\"async\" class=\"alignnone size-medium wp-image-828\" src=\"http:\/\/courspianoilona.fr\/wp-content\/uploads\/2020\/03\/piano-en-ligne-e1585039512763-225x300.jpeg\" alt=\"\" width=\"225\" height=\"300\" srcset=\"https:\/\/pianopianovenezia.com\/wp-content\/uploads\/2020\/03\/piano-en-ligne-e1585039512763-225x300.jpeg 225w, https:\/\/pianopianovenezia.com\/wp-content\/uploads\/2020\/03\/piano-en-ligne-e1585039512763-768x1024.jpeg 768w, https:\/\/pianopianovenezia.com\/wp-content\/uploads\/2020\/03\/piano-en-ligne-e1585039512763-600x800.jpeg 600w\" sizes=\"auto, (max-width: 225px) 100vw, 225px\" \/>\u00a0 \u00a0 \u00a0 \u00a0 \u00a0 \u00a0\u00a0<img loading=\"lazy\" decoding=\"async\" class=\"alignnone size-medium wp-image-832\" src=\"http:\/\/courspianoilona.fr\/wp-content\/uploads\/2020\/03\/chatrouxvousecoute-e1585039838408-225x300.jpeg\" alt=\"\" width=\"225\" height=\"300\" srcset=\"https:\/\/pianopianovenezia.com\/wp-content\/uploads\/2020\/03\/chatrouxvousecoute-e1585039838408-225x300.jpeg 225w, https:\/\/pianopianovenezia.com\/wp-content\/uploads\/2020\/03\/chatrouxvousecoute-e1585039838408-768x1024.jpeg 768w, https:\/\/pianopianovenezia.com\/wp-content\/uploads\/2020\/03\/chatrouxvousecoute-e1585039838408-600x800.jpeg 600w\" sizes=\"auto, (max-width: 225px) 100vw, 225px\" \/><\/p>\n","protected":false},"excerpt":{"rendered":"<p>Toute la journ\u00e9e vous actionnez vos doigts sur votre ordinateur et smartphone en vous disant que vous aimeriez tant que cela soit aussi sur un clavier de piano ? Plusieurs fois, vous avez d\u00e9j\u00e0 voulu concr\u00e9tiser ce vieux projet de vous (re)mettre au piano sans pourtant lui donner suite. Et si la proposition des cours <a class=\"more-link\" href=\"https:\/\/pianopianovenezia.com\/index.php\/cours-piano-en-ligne\/\">la suite&#8230; <i class=\"fa fa-chevron-right\"><\/i><\/a><\/p>\n","protected":false},"author":1,"featured_media":0,"parent":0,"menu_order":0,"comment_status":"closed","ping_status":"closed","template":"","meta":{"footnotes":""},"class_list":["post-827","page","type-page","status-publish","hentry"],"_links":{"self":[{"href":"https:\/\/pianopianovenezia.com\/index.php\/wp-json\/wp\/v2\/pages\/827","targetHints":{"allow":["GET"]}}],"collection":[{"href":"https:\/\/pianopianovenezia.com\/index.php\/wp-json\/wp\/v2\/pages"}],"about":[{"href":"https:\/\/pianopianovenezia.com\/index.php\/wp-json\/wp\/v2\/types\/page"}],"author":[{"embeddable":true,"href":"https:\/\/pianopianovenezia.com\/index.php\/wp-json\/wp\/v2\/users\/1"}],"replies":[{"embeddable":true,"href":"https:\/\/pianopianovenezia.com\/index.php\/wp-json\/wp\/v2\/comments?post=827"}],"version-history":[{"count":25,"href":"https:\/\/pianopianovenezia.com\/index.php\/wp-json\/wp\/v2\/pages\/827\/revisions"}],"predecessor-version":[{"id":1334,"href":"https:\/\/pianopianovenezia.com\/index.php\/wp-json\/wp\/v2\/pages\/827\/revisions\/1334"}],"wp:attachment":[{"href":"https:\/\/pianopianovenezia.com\/index.php\/wp-json\/wp\/v2\/media?parent=827"}],"curies":[{"name":"wp","href":"https:\/\/api.w.org\/{rel}","templated":true}]}}