{"id":74,"date":"2016-02-21T18:56:38","date_gmt":"2016-02-21T17:56:38","guid":{"rendered":"http:\/\/courspianoilona.fr\/?page_id=74"},"modified":"2025-10-27T00:14:27","modified_gmt":"2025-10-26T22:14:27","slug":"conditions-generales","status":"publish","type":"page","link":"https:\/\/pianopianovenezia.com\/index.php\/accueil-2\/vos-cours\/conditions-generales\/","title":{"rendered":"Condizioni generali"},"content":{"rendered":"<p>La durata della lezione <span style=\"font-size: 16px;\">singola<\/span><span style=\"font-size: 16px;\"> \u00e8 di 45 minuti o 30 <\/span><span style=\"font-size: 16px;\">minuti.<br \/>\n<\/span>La lezione si tiene ad orario fisso (eccetto vacanze scolastiche).<br \/>\nIn caso di ritardo inferiore a 20 minuti la lezione \u00e8 assicurata per il tempo rimanente.<br \/>\nIn caso di ritardo superiore a 20 minuti, la lezione \u00e8 cancellata e va pagata.<br \/>\nIn via eccezionale (massimo 2 volte nel trimestre), una lezione cancellata <span style=\"text-decoration: underline;\">almeno 48 ore prima<\/span> pu\u00f2 essere recuperata nella settimana. L&rsquo;insegnante avviser\u00e0 anche l&rsquo;allievo almeno 48 ore in caso di impossibilit\u00e0.<br \/>\nIn caso di cancellazione inferiore a 48 ore prima della lezione, la stessa \u00e8 considerata come fatta e pagata.<br \/>\nI pacchetti di lezioni sono pagabili in anticipo e <span style=\"text-decoration: underline;\">validi per 3 mesi dalla data della prima lezione.<\/span><span style=\"text-decoration: underline;\"><br \/>\n<\/span>L&rsquo;allievo pu\u00f2 scegliere la modalit\u00e0 d&rsquo;apprendimento <span style=\"text-decoration: underline;\">online<\/span>, oppure pu\u00f2 anche scegliere <span style=\"text-decoration: underline;\">un mix di lezioni online e lezioni frontali.<\/span><br \/>\nOgni lezione online ha lo stesso valore e durata di una lezione frontale.<br \/>\nIn caso di abbandono, le lezioni del pacchetto (che siano <span style=\"text-decoration: underline;\">online o frontali<\/span>) <strong><span style=\"text-decoration: underline;\">non sono rimborsabili.<\/span><\/strong><\/p>\n<h2>Conditions g\u00e9n\u00e9rales<\/h2>\n<p class=\"p1\">La dur\u00e9e de la le\u00e7on est de 45 minutes ou 30 minutes.<br \/>\nLe cours a lieu \u00e0 jour et heure fixes (sauf vacances scolaires).<br \/>\nEn cas de retard inf\u00e9rieur \u00e0 20 minutes, le cours est assur\u00e9 pour le seul temps restant.<br \/>\nAu-del\u00e0 de 20 min de retard, le cours est annul\u00e9 et d\u00fb.<br \/>\n\u00c0 titre exceptionnel (au maximum 2 fois par trimestre), un cours annul\u00e9 <span style=\"text-decoration: underline;\">au moins 48h \u00e0 l\u2019avance<\/span> peut \u00eatre rattrap\u00e9\u00a0dans les 8 jours. L&rsquo;enseignant aussi veillera \u00e0 pr\u00e9venir l&rsquo;\u00e9l\u00e8ve au moins 48h \u00e0 l&rsquo;avance en cas d&rsquo;impossibilit\u00e9.<br \/>\nEn cas d\u2019annulation inf\u00e9rieure \u00e0 48h avant le cours, ce dernier est consid\u00e9r\u00e9 comme pris et d\u00fb.<br \/>\nLes offres de cours au trimestre sont payables d\u2019avance et sont <span style=\"text-decoration: underline;\">valables 3 mois \u00e0 partir du 1er cours.<br \/>\n<\/span>L&rsquo; \u00e9l\u00e8ve peut choisir la modalit\u00e9 d&rsquo;apprentissage <span style=\"text-decoration: underline;\">en ligne<\/span> ou bien il peut choisir\u00a0<span style=\"text-decoration: underline;\">un mix de cours en ligne\/cours frontal.<\/span><br \/>\nToute le\u00e7on en ligne a la m\u00eame valeur et dur\u00e9e qu&rsquo;une le\u00e7on frontale.<br \/>\nEn cas d&rsquo;abandon, les formules de cours <span style=\"text-decoration: underline;\">(en ligne comme frontales)<\/span> sont <span style=\"text-decoration: underline;\"><strong>non remboursables.<\/strong><\/span><\/p>\n","protected":false},"excerpt":{"rendered":"<p>La durata della lezione singola \u00e8 di 45 minuti o 30 minuti. La lezione si tiene ad orario fisso (eccetto vacanze scolastiche). In caso di ritardo inferiore a 20 minuti la lezione \u00e8 assicurata per il tempo rimanente. In caso di ritardo superiore a 20 minuti, la lezione \u00e8 cancellata e va pagata. In via <a class=\"more-link\" href=\"https:\/\/pianopianovenezia.com\/index.php\/accueil-2\/vos-cours\/conditions-generales\/\">la suite&#8230; <i class=\"fa fa-chevron-right\"><\/i><\/a><\/p>\n","protected":false},"author":1,"featured_media":0,"parent":20,"menu_order":0,"comment_status":"closed","ping_status":"closed","template":"page-fullwidth.php","meta":{"footnotes":""},"class_list":["post-74","page","type-page","status-publish","hentry"],"_links":{"self":[{"href":"https:\/\/pianopianovenezia.com\/index.php\/wp-json\/wp\/v2\/pages\/74","targetHints":{"allow":["GET"]}}],"collection":[{"href":"https:\/\/pianopianovenezia.com\/index.php\/wp-json\/wp\/v2\/pages"}],"about":[{"href":"https:\/\/pianopianovenezia.com\/index.php\/wp-json\/wp\/v2\/types\/page"}],"author":[{"embeddable":true,"href":"https:\/\/pianopianovenezia.com\/index.php\/wp-json\/wp\/v2\/users\/1"}],"replies":[{"embeddable":true,"href":"https:\/\/pianopianovenezia.com\/index.php\/wp-json\/wp\/v2\/comments?post=74"}],"version-history":[{"count":58,"href":"https:\/\/pianopianovenezia.com\/index.php\/wp-json\/wp\/v2\/pages\/74\/revisions"}],"predecessor-version":[{"id":1276,"href":"https:\/\/pianopianovenezia.com\/index.php\/wp-json\/wp\/v2\/pages\/74\/revisions\/1276"}],"up":[{"embeddable":true,"href":"https:\/\/pianopianovenezia.com\/index.php\/wp-json\/wp\/v2\/pages\/20"}],"wp:attachment":[{"href":"https:\/\/pianopianovenezia.com\/index.php\/wp-json\/wp\/v2\/media?parent=74"}],"curies":[{"name":"wp","href":"https:\/\/api.w.org\/{rel}","templated":true}]}}