{"id":680,"date":"2019-04-05T17:45:42","date_gmt":"2019-04-05T15:45:42","guid":{"rendered":"http:\/\/courspianoilona.fr\/?page_id=680"},"modified":"2025-12-12T18:14:35","modified_gmt":"2025-12-12T16:14:35","slug":"stage-piano-venise","status":"publish","type":"page","link":"https:\/\/pianopianovenezia.com\/index.php\/stage-piano-venise\/","title":{"rendered":"Stage de piano \u00e0 Venise"},"content":{"rendered":"<p><span style=\"color: #ffffff;\"><strong>Sur demande et sur mesure, QUAND vous voulez et COMME vous voulez !\u00a0<\/strong><\/span><\/p>\n<p><span style=\"color: #ffffff;\"><strong>Un stage de piano dans la cit\u00e9 lagunaire pour vous ou pour offrir \u00e0 vos proches. Un beau cadeau d&rsquo;anniversaire, de mariage, de d\u00e9part \u00e0 la retraite, f\u00eater un heureux \u00e9v\u00e8nement &#8230;<\/strong><\/span><\/p>\n<p>Programme \u00e0 composer sur mesure :<\/p>\n<p>&#8211; Cours individuels de piano d\u2019une heure tous les jours.<br \/>&#8211; Cours de piano \u00e0 quatre mains.<br \/>&#8211; Ateliers d\u2019\u00e9coutes comment\u00e9es\/compar\u00e9es pour la d\u00e9couverte du r\u00e9pertoire musical du XVII \u00e8me si\u00e8cle \u00e0 nos jours.<br \/>&#8211; Ateliers de d\u00e9chiffrage \u00e0 deux ou quatre mains.<br \/>&#8211; Cours \u00ab guid\u00e9s \u00bb de conversation en italien\/fran\u00e7ais, sur des th\u00e8mes choisis par les participant.e.s.<br \/>&#8211; Sortie \u00e0 la Fenice ou \u00e0 un concert \u00e0 Venise en fonction de la programmation musicale du moment.<\/p>\n<h4><strong>Le stage s&rsquo;adresse \u00e0 :<\/strong><\/h4>\n<p>&#8211; Des \u00e9l\u00e8ves pianistes qui souhaitent se consacrer intens\u00e9ment \u00e0 la musique dans le cadre convivial, reposant et inspirant qu\u2019est Venise.<br \/>&#8211; Des italophones et\/ou francophones.<br \/>&#8211; Une personne seule ou un petit groupe de stagiaires, ce qui permettra \u00e0 chaque individualit\u00e9 de trouver sa place.<br \/>&#8211; Des \u00e9l\u00e8ves d\u00e9sireux d\u2019utiliser aussi les langues comme un instrument (de musique), pour d\u00e9velopper des \u00e9changes autour de la musique dans une ambiance amicale.<\/p>\n<h4><strong>Lieu du stage et tarif :<\/strong><\/h4>\n<p>\u00c0 Venise, dans le Sestier du Dorsoduro, \u00e0 quelques pas du Campo Santa Margherita, \u00e0 proximit\u00e9 de Piazzale Roma sur un excellent piano \u00e0 queue Schimmel + piano droit Bechstein + un piano num\u00e9rique l&rsquo;\u00e9t\u00e9 en plein air sur l&rsquo;altana (avec vue) mis \u00e0 disposition des stagiaires.<\/p>\n<p>Tarif attractif en fonction des prestations. Facture remise.<br \/>Pour information et inscription : pianovenezia@gmail.com<\/p>\n<p>Possibilit\u00e9 d\u2019aider \u00e0 trouver une solution d&rsquo;h\u00e9bergement \u00e0 proximit\u00e9 du lieu du stage dans le centre historique de Venise.<\/p>\n<h4><strong>A propos de la professeure de piano :<\/strong><\/h4>\n<p><img decoding=\"async\" class=\"editor-post-featured-image__preview-image\" src=\"https:\/\/pianopianovenezia.com\/wp-content\/uploads\/2025\/10\/photo-jaquette-stage-150x150.png\" alt=\"L\u2019image actuelle n\u2019a pas de texte alternatif. Le nom du fichier est\u00a0: photo-jaquette-stage.png\" \/><\/p>\n<p><strong>Ilona Gault, <\/strong>pianiste, professeure de piano \u00e0 Venise depuis septembre 2016 o\u00f9 elle a cr\u00e9\u00e9 son \u00e9cole de piano bilingue, baptis\u00e9e\u00a0<em>Piano Piano Venezia\u00ae<\/em>.<br \/>Tr\u00e8s engag\u00e9e dans son enseignement afin de transmettre \u00e0 la fois le plaisir et l\u2019exigence du son.<\/p>\n<p>Dipl\u00f4m\u00e9e du conservatoire de Lyon et de Sciences-Po Lyon (Master II).<br \/>Elle a suivi l\u2019enseignement d\u2019<a href=\"https:\/\/polealienor.eu\/liste-intervenants\/alain-villard\/\" target=\"_blank\" rel=\"noopener\">Alain Villard<\/a> au conservatoire de Poitiers puis de <a href=\"https:\/\/www.manuel-schweizer.com\/\" target=\"_blank\" rel=\"noopener\">Manuel Schweizer<\/a> (piano) et Jo\u00ebl Nicod (musique de chambre) au conservatoire de Lyon en cycle sp\u00e9cialis\u00e9.<br \/>Elle a compl\u00e9t\u00e9 sa formation post-dipl\u00f4me avec le pianiste <a href=\"https:\/\/www.saint-maur.com\/fileadmin\/user_upload\/Ma_Ville\/Culture\/Conservatoire\/CV_profs_musique_2023\/David_Braslawsky.pdf\" target=\"_blank\" rel=\"noopener\">David Braslawsky<\/a> \u00e0 Paris et ponctuellement avec la pianiste et compositrice <a href=\"http:\/\/www.letiziamichielon.it\/\" target=\"_blank\" rel=\"noopener\">Letizia Michielon<\/a> \u00e0 Venise.<br \/>Apr\u00e8s un coup de foudre musical pour la polyinstrumentiste <a href=\"https:\/\/www.youtube.com\/watch?v=OwGJt0q-kRA&amp;list=PLfdMKJMGPPtzOgCKXPJ8AIyZbMuo6oKsA&amp;index=3\" target=\"_blank\" rel=\"noopener\">Anna Fusek<\/a>, Ilona a eu la chance d&rsquo;\u00e9tudier avec elle la fl\u00fbte \u00e0 bec baroque en cursus libre au conservatoire de Venise en 2024.<\/p>\n<p>Franco-italophone, elle a r\u00e9alis\u00e9 plusieurs traductions en fran\u00e7ais dont <em>Les putains, les rufians et la R\u00e9publique. Histoire de la prostitution \u00e0 Venise du XIIIe au XVI<\/em><em>IIe si\u00e8cle<\/em> de Giovanni Scarabello (\u00c9ditions Supernova). Elle anime le podcast francophone \u00ab\u00a0<a href=\"https:\/\/www.instagram.com\/ici.venise\/\">Ici Venise<\/a>\u00a0\u00bb\u00a0qu&rsquo;elle a cr\u00e9\u00e9 en 2020 avec son p\u00e8re.<\/p>\n<p>&#8230;&#8230;&#8230;&#8230;<\/p>\n\n\n<p><\/p>\n","protected":false},"excerpt":{"rendered":"<p>Sur demande et sur mesure, QUAND vous voulez et COMME vous voulez !\u00a0 Un stage de piano dans la cit\u00e9 lagunaire pour vous ou pour offrir \u00e0 vos proches. Un beau cadeau d&rsquo;anniversaire, de mariage, de d\u00e9part \u00e0 la retraite, f\u00eater un heureux \u00e9v\u00e8nement &#8230; Programme \u00e0 composer sur mesure : &#8211; Cours individuels de <a class=\"more-link\" href=\"https:\/\/pianopianovenezia.com\/index.php\/stage-piano-venise\/\">la suite&#8230; <i class=\"fa fa-chevron-right\"><\/i><\/a><\/p>\n","protected":false},"author":1,"featured_media":1312,"parent":0,"menu_order":0,"comment_status":"closed","ping_status":"closed","template":"","meta":{"footnotes":""},"class_list":["post-680","page","type-page","status-publish","has-post-thumbnail","hentry"],"_links":{"self":[{"href":"https:\/\/pianopianovenezia.com\/index.php\/wp-json\/wp\/v2\/pages\/680","targetHints":{"allow":["GET"]}}],"collection":[{"href":"https:\/\/pianopianovenezia.com\/index.php\/wp-json\/wp\/v2\/pages"}],"about":[{"href":"https:\/\/pianopianovenezia.com\/index.php\/wp-json\/wp\/v2\/types\/page"}],"author":[{"embeddable":true,"href":"https:\/\/pianopianovenezia.com\/index.php\/wp-json\/wp\/v2\/users\/1"}],"replies":[{"embeddable":true,"href":"https:\/\/pianopianovenezia.com\/index.php\/wp-json\/wp\/v2\/comments?post=680"}],"version-history":[{"count":96,"href":"https:\/\/pianopianovenezia.com\/index.php\/wp-json\/wp\/v2\/pages\/680\/revisions"}],"predecessor-version":[{"id":1332,"href":"https:\/\/pianopianovenezia.com\/index.php\/wp-json\/wp\/v2\/pages\/680\/revisions\/1332"}],"wp:featuredmedia":[{"embeddable":true,"href":"https:\/\/pianopianovenezia.com\/index.php\/wp-json\/wp\/v2\/media\/1312"}],"wp:attachment":[{"href":"https:\/\/pianopianovenezia.com\/index.php\/wp-json\/wp\/v2\/media?parent=680"}],"curies":[{"name":"wp","href":"https:\/\/api.w.org\/{rel}","templated":true}]}}