{"id":38,"date":"2016-02-21T17:53:33","date_gmt":"2016-02-21T16:53:33","guid":{"rendered":"http:\/\/courspianoilona.fr\/?page_id=38"},"modified":"2025-10-27T13:27:22","modified_gmt":"2025-10-27T11:27:22","slug":"enseignement","status":"publish","type":"page","link":"https:\/\/pianopianovenezia.com\/index.php\/accueil-2\/pedagogie-cours-de-piano-a-venise\/enseignement\/","title":{"rendered":"Enseignement"},"content":{"rendered":"\n<figure class=\"wp-block-embed is-type-video is-provider-youtube wp-block-embed-youtube wp-embed-aspect-16-9 wp-has-aspect-ratio\"><div class=\"wp-block-embed__wrapper\">\n<iframe loading=\"lazy\" title=\"Presentazione di &quot;Piano piano Venezia&quot;, scuola di pianoforte a Venezia\" width=\"730\" height=\"411\" src=\"https:\/\/www.youtube.com\/embed\/TOqsXOx1eTg?feature=oembed\" frameborder=\"0\" allow=\"accelerometer; autoplay; clipboard-write; encrypted-media; gyroscope; picture-in-picture; web-share\" referrerpolicy=\"strict-origin-when-cross-origin\" allowfullscreen><\/iframe>\n<\/div><\/figure>\n\n\n\n<h2 class=\"wp-block-heading\">Plus de 10 ans d\u2019exp\u00e9rience p\u00e9dagogique<\/h2>\n\n\n\n<p>Dipl\u00f4m\u00e9e des conservatoires de Poitiers et Lyon en piano et musique de chambre. \u00c0 Lyon, Paris puis enfin Venise, j\u2019ai enseign\u00e9 le piano \u00e0 des profils d\u2019\u00e9l\u00e8ves tr\u00e8s vari\u00e9s avec passion et engagement au sein d\u2019\u00e9coles de musique, conservatoires et cours priv\u00e9s.<\/p>\n\n\n\n<p>En 2016 je cr\u00e9e \u201cPiano piano Venezia\u201d : une&nbsp;<strong>\u00e9cole de piano bilingue<\/strong>&nbsp;(italien-fran\u00e7ais) dans le centre-historique de Venise. Passionn\u00e9e, dynamique et exigeante, je veille constamment&nbsp; \u00e0 la transmission du&nbsp;<strong>\u201cplaisir du son\u201d \u00e0 mes \u00e9l\u00e8ves.<\/strong><\/p>\n\n\n\n<h2 class=\"wp-block-heading\">Pour toutes et tous<\/h2>\n\n\n\n<p>Il n\u2019y a&nbsp;<strong>pas d\u2019\u00e2ge id\u00e9al<\/strong>&nbsp;pour d\u00e9buter le piano tout comme&nbsp;il n\u2019est jamais \u00ab&nbsp;trop tard&nbsp;\u00bb pour reprendre une pratique instrumentale mise de c\u00f4t\u00e9 pendant un temps plus ou moins long.<\/p>\n\n\n\n<p>J\u2019ai conscience qu\u2019il est parfois&nbsp;difficile de se consacrer au piano plusieurs heures par semaine tant la fragmentation de notre vie quotidienne nous oblige \u00e0 \u00eatre sur plusieurs fronts \u00e0 la fois. N\u00e9anmoins je pense qu\u2019<strong>en se fixant des objectifs r\u00e9alistes et en travaillant avec intelligence<\/strong>, il est possible de faire de<strong>&nbsp;v\u00e9ritables progr\u00e8s.<\/strong><\/p>\n\n\n\n<p>D\u00e8s le d\u00e9part, j\u2019essaye de comprendre avec l\u2019\u00e9l\u00e8ve son projet pianistique afin de m\u2019adapter le plus possible<strong>&nbsp;\u00e0 ses attentes<\/strong>&nbsp;et \u00e0 ses go\u00fbts tout en lui faisant d\u00e9couvrir des pi\u00e8ces int\u00e9ressantes et \u00e0 sa port\u00e9e.<br>Avec les morceaux que nous choisissons ensemble,&nbsp;j\u2019utilise&nbsp;<strong>le chant<\/strong>&nbsp;et divers<strong>&nbsp;exercices rythmiques&nbsp;<\/strong>pour progresser en lecture et d\u00e9velopper l\u2019oreille. Je suis particuli\u00e8rement attentive \u00e0&nbsp;<strong>la qualit\u00e9 du son.&nbsp;<\/strong>Mon exigence ne me fait jamais perdre de vue la&nbsp;<strong>notion de plaisir<\/strong>&nbsp;lors de ce moment de&nbsp;\u00ab&nbsp;respiration&nbsp;\u00bb&nbsp;qu\u2019est le cours dans la semaine de l\u2019\u00e9l\u00e8ve.<\/p>\n\n\n\n<p>Je cherche \u00e0 obtenir le meilleur&nbsp;de mes \u00e9l\u00e8ves&nbsp;en valorisant leurs progr\u00e8s.<\/p>\n\n\n\n<blockquote class=\"wp-block-quote is-layout-flow wp-block-quote-is-layout-flow\">\n<p>Quel que soit l\u2019\u00e2ge de mes \u00e9l\u00e8ves, j\u2019utilise tr\u00e8s souvent&nbsp;les pi\u00e8ces pour&nbsp;quatre mains&nbsp;comme outil p\u00e9dagogique.<\/p>\n<\/blockquote>\n\n\n\n<p>Les vertus du&nbsp;4 mains ne sont plus \u00e0 d\u00e9montrer. La musique est abord\u00e9e de&nbsp;<strong>fa\u00e7on ludique<\/strong>, l\u2019\u00e9l\u00e8ve pianiste am\u00e9liore ses qualit\u00e9s&nbsp;dans l\u2019\u00e9coute de l\u2019autre : pr\u00e9cision rythmique, gain d\u2019assurance et de confiance en soi pour le jeu instrumental en public, ouverture d\u2019esprit et sensibilisation \u00e0&nbsp;un autre r\u00e9pertoire.<\/p>\n\n\n\n<h2 class=\"wp-block-heading\">Jeunes enfants<\/h2>\n\n\n\n<p>Avec les jeunes enfants, je propose une\u00a0<strong>approche ludique<\/strong>\u00a0comprenant<strong>\u00a0du\u00a0chant, des jeux de\u00a0rythmes\u00a0<\/strong>en plus de<strong>\u00a0l\u2019\u00e9veil instrumental.<\/strong><\/p>\n\n\n\n<p>Je\u00a0consacre parfois une partie du cours\u00a0\u00e0 des \u00e9coutes selon une th\u00e9matique donn\u00e9e. Je me suis rendue compte de combien il est n\u00e9cessaire de<strong>\u00a0faire d\u00e9couvrir le r\u00e9pertoire \u201cclassique\u201d\u00a0<\/strong>d\u00e8s le plus jeune \u00e2ge pour stimuler les \u00e9l\u00e8ves dans leur apprentissage.<\/p>\n\n\n\n<p>Ensuite j\u2019organise la progression en fonction de l\u2019\u00e2ge et des aptitudes croissantes des \u00e9l\u00e8ves.<\/p>\n\n\n\n<blockquote class=\"wp-block-quote is-layout-flow wp-block-quote-is-layout-flow\">\n<p>\u00c0 la fin de l\u2019ann\u00e9e, les \u00e9l\u00e8ves participent \u00e0 une audition, l\u2019occasion de partager un bon moment autour du piano et de montrer \u00e0 l\u2019entourage les progr\u00e8s r\u00e9alis\u00e9s.<\/p>\n<\/blockquote>\n\n\n\n<p><\/p>\n\n\n\n<p><\/p>\n","protected":false},"excerpt":{"rendered":"<p>Plus de 10 ans d\u2019exp\u00e9rience p\u00e9dagogique Dipl\u00f4m\u00e9e des conservatoires de Poitiers et Lyon en piano et musique de chambre. \u00c0 Lyon, Paris puis enfin Venise, j\u2019ai enseign\u00e9 le piano \u00e0 des profils d\u2019\u00e9l\u00e8ves tr\u00e8s vari\u00e9s avec passion et engagement au sein d\u2019\u00e9coles de musique, conservatoires et cours priv\u00e9s. En 2016 je cr\u00e9e \u201cPiano piano Venezia\u201d <a class=\"more-link\" href=\"https:\/\/pianopianovenezia.com\/index.php\/accueil-2\/pedagogie-cours-de-piano-a-venise\/enseignement\/\">la suite&#8230; <i class=\"fa fa-chevron-right\"><\/i><\/a><\/p>\n","protected":false},"author":1,"featured_media":0,"parent":17,"menu_order":0,"comment_status":"closed","ping_status":"closed","template":"page-fullwidth.php","meta":{"footnotes":""},"class_list":["post-38","page","type-page","status-publish","hentry"],"_links":{"self":[{"href":"https:\/\/pianopianovenezia.com\/index.php\/wp-json\/wp\/v2\/pages\/38","targetHints":{"allow":["GET"]}}],"collection":[{"href":"https:\/\/pianopianovenezia.com\/index.php\/wp-json\/wp\/v2\/pages"}],"about":[{"href":"https:\/\/pianopianovenezia.com\/index.php\/wp-json\/wp\/v2\/types\/page"}],"author":[{"embeddable":true,"href":"https:\/\/pianopianovenezia.com\/index.php\/wp-json\/wp\/v2\/users\/1"}],"replies":[{"embeddable":true,"href":"https:\/\/pianopianovenezia.com\/index.php\/wp-json\/wp\/v2\/comments?post=38"}],"version-history":[{"count":75,"href":"https:\/\/pianopianovenezia.com\/index.php\/wp-json\/wp\/v2\/pages\/38\/revisions"}],"predecessor-version":[{"id":1311,"href":"https:\/\/pianopianovenezia.com\/index.php\/wp-json\/wp\/v2\/pages\/38\/revisions\/1311"}],"up":[{"embeddable":true,"href":"https:\/\/pianopianovenezia.com\/index.php\/wp-json\/wp\/v2\/pages\/17"}],"wp:attachment":[{"href":"https:\/\/pianopianovenezia.com\/index.php\/wp-json\/wp\/v2\/media?parent=38"}],"curies":[{"name":"wp","href":"https:\/\/api.w.org\/{rel}","templated":true}]}}